{"id":8869,"date":"2022-10-30T19:16:40","date_gmt":"2022-10-30T19:16:40","guid":{"rendered":"https:\/\/app.pay2commerce.com\/?page_id=8869"},"modified":"2023-07-29T15:43:16","modified_gmt":"2023-07-29T19:43:16","slug":"terminos-condiciones","status":"publish","type":"page","link":"https:\/\/pay2shopp.com\/en\/terminos-condiciones\/","title":{"rendered":"Terms &amp; Conditions"},"content":{"rendered":"<div data-elementor-type=\"wp-page\" data-elementor-id=\"8869\" class=\"elementor elementor-8869\" data-elementor-post-type=\"page\">\n\t\t\t\t\t\t<section class=\"wd-negative-gap elementor-section elementor-top-section elementor-element elementor-element-8ff4191 elementor-section-boxed elementor-section-height-default elementor-section-height-default\" data-id=\"8ff4191\" data-element_type=\"section\" data-e-type=\"section\">\n\t\t\t\t\t\t<div class=\"elementor-container elementor-column-gap-default\">\n\t\t\t\t\t<div class=\"elementor-column elementor-col-100 elementor-top-column elementor-element elementor-element-bb06c5d\" data-id=\"bb06c5d\" data-element_type=\"column\" data-e-type=\"column\">\n\t\t\t<div class=\"elementor-widget-wrap elementor-element-populated\">\n\t\t\t\t\t\t<div class=\"elementor-element elementor-element-1183de9 color-scheme-inherit text-left elementor-widget elementor-widget-text-editor\" data-id=\"1183de9\" data-element_type=\"widget\" data-e-type=\"widget\" data-widget_type=\"text-editor.default\">\n\t\t\t\t\t\t\t\t\t<p>Pay2Shop Terms and Conditions<\/p><p>Welcome to Pay2Shopp, an e-commerce store building platform and online marketplace that connects buyers and sellers of physical and digital products and services. Before using our platform, we ask you to read the following terms and conditions carefully. By accessing or using our website, you agree to be legally bound by these terms and conditions. If you do not agree with any of the points set out below, we recommend that you do not use our service.<\/p><p>1. Definitions<\/p><p>a) \u201cPay2Shopp\u201d: Refers to our online platform, operated by SEO CONSULTING NM SRL., which allows users to create and manage e-commerce stores, as well as act as a marketplace for the promotion and sale of physical and digital products and services.<\/p><p>b) \u201cUser\u201d: Refers to any person who accesses or uses the services provided by Pay2Shopp, whether as a buyer, seller or as the owner of an e-commerce store created through our platform.<\/p><p>c) \u201cSeller\u201d: This is a user who offers physical or digital products or services through their e-commerce store created in Pay2Shopp.<\/p><p>d) \u201cBuyer\u201d: This is the user who purchases physical or digital products or services through Pay2Shopp.<\/p><p>e) \u201cPhysical products\u201d: These are tangible goods that can be physically shipped or delivered.<\/p><p>f) \u201cDigital products\u201d: These are intangible goods that are delivered electronically, such as software, music, e-books, online courses, among others.<\/p><p>2. Terms of Service<\/p><p>a) Pay2Shopp provides its platform and services in accordance with these terms and conditions. By using our service, you agree to comply with all policies and rules set forth herein.<\/p><p>b) We reserve the right to modify, suspend or discontinue all or part of the Service at any time, without prior notice and at our sole discretion. We will not be liable for any loss or damage arising from such modifications, suspensions or interruptions.<\/p><p>3. Service Description<\/p><p>a) Pay2Shopp provides an online platform that allows users to create and manage e-commerce stores. Sellers can list and promote their products or services through their stores, while buyers can browse and purchase such products or services.<\/p><p>b) As an e-commerce store owner on Pay2Shopp, you will have access to various tools and features to manage your listings, process orders, manage inventory, and communicate with your customers.<\/p><p>c) As a buyer, you will be able to browse the stores, search for products or services of interest, make purchases and use the payment options provided by Pay2Shopp.<\/p><p>4. Scope of the License<\/p><p>a) Pay2Shopp grants you a limited, non-exclusive, non-transferable and revocable license to access and use our platform and services in accordance with these terms and conditions.<\/p><p>b) This license does not grant you any rights over Pay2Shopp&#039;s intellectual property, including, but not limited to, the content, logos, graphics, images, videos and software present on the platform.<\/p><p>5. Third Party Services<\/p><p>a) Pay2Shopp may integrate or provide links to third party services, such as payment gateways or shipping services. These services are provided by third parties and are subject to their own terms and conditions. We assume no responsibility for the operation, quality or security of these third party services.<\/p><p>b) By using third party services through Pay2Shopp, you agree to comply with the terms and conditions set forth by such service providers.<\/p><p>6. Use of Our Service<\/p><p>a) By using Pay2Shopp, you agree that you will not use our platform for any illegal, fraudulent, defamatory, obscene, threatening or infringement of third party rights purposes. You further agree to comply with all applicable laws and regulations.<\/p><p>b) You must not interfere with the proper functioning of Pay2Shopp, nor attempt to circumvent or manipulate the security measures implemented.<\/p><p>7. Compensation<\/p><p>a) You agree to indemnify and hold harmless Pay2Shopp, its directors, employees and affiliates, from any claim, demand or damage, including reasonable attorneys&#039; fees, arising from your misuse of our service, violation of these terms and conditions, or infringement of any third party rights.<\/p><p>8. Suspension or Termination<\/p><p>a) We reserve the right to suspend or terminate your access to Pay2Shopp in the event of non-compliance with these terms and conditions, or if we consider that your conduct puts at risk the integrity, security or reputation of our platform.<\/p><p>b) In the event of suspension or termination, you will lose access to your e-commerce store and all associated data. We recommend that you back up your information on a regular basis.<\/p><p>9. Paypal Payments and Their Features<\/p><p>a) Pay2Shopp uses the Paypal payment processing service to facilitate transactions between buyers and sellers. By using our service, you agree to comply with Stripe&#039;s terms and conditions, as well as to provide the information necessary to process payments.<\/p><p>b) The availability of Paypal payments may be subject to geographic restrictions and Stripe policies. We are not responsible for any issues related to payments or services provided by Stripe.<\/p><p>10. Obligations, Rules and Requirements<\/p><p>a) As a seller on Pay2Shopp, you agree to comply with all laws and regulations applicable to the sale of your products or services, including, but not limited to, consumer protection, tax, customs and intellectual property laws.<\/p><p>b) You agree to provide accurate and complete information on your e-commerce store, including product details, prices, images and descriptions. You also agree to meet the shipping and delivery times agreed with buyers.<\/p><p>c) As a buyer, you agree to make purchases in good faith and comply with the terms<\/p><p>payment methods and any other requirements set by the sellers.<\/p><p>11. Disputes between Users<\/p><p>a) Pay2Shopp is not responsible for resolving disputes between buyers and sellers. Any conflict or claim must be resolved directly between the parties involved. However, we encourage our users to contact us if they experience serious problems or violations by another user.<\/p><p>b) In the event of disputes, we encourage you to communicate and negotiate in good faith with the other party involved. If an agreement cannot be reached, you may seek legal advice or resort to the dispute resolution mechanisms available in your jurisdiction.<\/p><p>12. Applicable Legislation and Jurisdiction<\/p><p>These terms and conditions are governed by the laws of the country where SEO CONSULTING NM SRL is registered. Any dispute arising in connection with our service will be submitted to the competent courts of that jurisdiction.<\/p><p>It is important to note that these terms and conditions are a translation and adaptation of a general template. For accurate and legally binding wording, we recommend that you seek specialized legal advice when drafting the terms and conditions of your marketplace and e-commerce platform, taking into account the legislation in force in your country and any other relevant considerations.<\/p>\t\t\t\t\t\t\t\t<\/div>\n\t\t\t\t\t<\/div>\n\t\t<\/div>\n\t\t\t\t\t<\/div>\n\t\t<\/section>\n\t\t\t\t<\/div>","protected":false},"excerpt":{"rendered":"<p>T\u00e9rminos y Condiciones de Pay2Shopp Bienvenido\/a a Pay2Shopp, una plataforma de creaci\u00f3n de tiendas de comercio electr\u00f3nico y marketplace en<\/p>","protected":false},"author":1,"featured_media":0,"parent":0,"menu_order":0,"comment_status":"closed","ping_status":"closed","template":"","meta":{"footnotes":""},"class_list":["post-8869","page","type-page","status-publish","hentry"],"yoast_head":"<!-- This site is optimized with the Yoast SEO plugin v27.4 - https:\/\/yoast.com\/product\/yoast-seo-wordpress\/ -->\n<title>T\u00e9rminos &amp; Condiciones - Pay2Shopp<\/title>\n<meta name=\"description\" content=\"Acepta pagos con tarjeta en l\u00ednea. Todas las herramientas de comercio electr\u00f3nico que necesitas para hacer crecer tu negocio en Internet.\" \/>\n<meta name=\"robots\" content=\"noindex, nofollow\" \/>\n<meta property=\"og:locale\" content=\"en_US\" \/>\n<meta property=\"og:type\" content=\"article\" \/>\n<meta property=\"og:title\" content=\"T\u00e9rminos &amp; Condiciones - Pay2Shopp\" \/>\n<meta property=\"og:description\" content=\"Acepta pagos con tarjeta en l\u00ednea. Todas las herramientas de comercio electr\u00f3nico que necesitas para hacer crecer tu negocio en Internet.\" \/>\n<meta property=\"og:url\" content=\"https:\/\/pay2shopp.com\/en\/terminos-condiciones\/\" \/>\n<meta property=\"og:site_name\" content=\"Pay2Shopp\" \/>\n<meta property=\"article:modified_time\" content=\"2023-07-29T19:43:16+00:00\" \/>\n<meta property=\"og:image\" content=\"https:\/\/pay2shopp.com\/wp-content\/uploads\/2022\/10\/credit-card.jpg\" \/>\n\t<meta property=\"og:image:width\" content=\"2000\" \/>\n\t<meta property=\"og:image:height\" content=\"1160\" \/>\n\t<meta property=\"og:image:type\" content=\"image\/jpeg\" \/>\n<meta name=\"twitter:card\" content=\"summary_large_image\" \/>\n<meta name=\"twitter:label1\" content=\"Est. reading time\" \/>\n\t<meta name=\"twitter:data1\" content=\"6 minutes\" \/>\n<script type=\"application\/ld+json\" class=\"yoast-schema-graph\">{\"@context\":\"https:\\\/\\\/schema.org\",\"@graph\":[{\"@type\":\"WebPage\",\"@id\":\"https:\\\/\\\/pay2shopp.com\\\/terminos-condiciones\\\/\",\"url\":\"https:\\\/\\\/pay2shopp.com\\\/terminos-condiciones\\\/\",\"name\":\"T\u00e9rminos &amp; Condiciones - Pay2Shopp\",\"isPartOf\":{\"@id\":\"https:\\\/\\\/pay2shopp.com\\\/#website\"},\"datePublished\":\"2022-10-30T19:16:40+00:00\",\"dateModified\":\"2023-07-29T19:43:16+00:00\",\"description\":\"Acepta pagos con tarjeta en l\u00ednea. Todas las herramientas de comercio electr\u00f3nico que necesitas para hacer crecer tu negocio en Internet.\",\"breadcrumb\":{\"@id\":\"https:\\\/\\\/pay2shopp.com\\\/terminos-condiciones\\\/#breadcrumb\"},\"inLanguage\":\"en-US\",\"potentialAction\":[{\"@type\":\"ReadAction\",\"target\":[\"https:\\\/\\\/pay2shopp.com\\\/terminos-condiciones\\\/\"]}]},{\"@type\":\"BreadcrumbList\",\"@id\":\"https:\\\/\\\/pay2shopp.com\\\/terminos-condiciones\\\/#breadcrumb\",\"itemListElement\":[{\"@type\":\"ListItem\",\"position\":1,\"name\":\"Home\",\"item\":\"https:\\\/\\\/pay2shopp.com\\\/\"},{\"@type\":\"ListItem\",\"position\":2,\"name\":\"T\u00e9rminos &amp; Condiciones\"}]},{\"@type\":\"WebSite\",\"@id\":\"https:\\\/\\\/pay2shopp.com\\\/#website\",\"url\":\"https:\\\/\\\/pay2shopp.com\\\/\",\"name\":\"Pay2Shopp\",\"description\":\"Crea tu tienda online en minutos. Todas las herramientas de comercio electr\u00f3nico que necesitas para hacer crecer tu negocio en internet.\",\"publisher\":{\"@id\":\"https:\\\/\\\/pay2shopp.com\\\/#organization\"},\"potentialAction\":[{\"@type\":\"SearchAction\",\"target\":{\"@type\":\"EntryPoint\",\"urlTemplate\":\"https:\\\/\\\/pay2shopp.com\\\/?s={search_term_string}\"},\"query-input\":{\"@type\":\"PropertyValueSpecification\",\"valueRequired\":true,\"valueName\":\"search_term_string\"}}],\"inLanguage\":\"en-US\"},{\"@type\":\"Organization\",\"@id\":\"https:\\\/\\\/pay2shopp.com\\\/#organization\",\"name\":\"Pay2Shop\",\"url\":\"https:\\\/\\\/pay2shopp.com\\\/\",\"logo\":{\"@type\":\"ImageObject\",\"inLanguage\":\"en-US\",\"@id\":\"https:\\\/\\\/pay2shopp.com\\\/#\\\/schema\\\/logo\\\/image\\\/\",\"url\":\"https:\\\/\\\/pay2shopp.com\\\/wp-content\\\/uploads\\\/2023\\\/07\\\/Pay2shopp.png\",\"contentUrl\":\"https:\\\/\\\/pay2shopp.com\\\/wp-content\\\/uploads\\\/2023\\\/07\\\/Pay2shopp.png\",\"width\":360,\"height\":102,\"caption\":\"Pay2Shop\"},\"image\":{\"@id\":\"https:\\\/\\\/pay2shopp.com\\\/#\\\/schema\\\/logo\\\/image\\\/\"}}]}<\/script>\n<!-- \/ Yoast SEO plugin. -->","yoast_head_json":{"title":"T\u00e9rminos &amp; Condiciones - Pay2Shopp","description":"Acepta pagos con tarjeta en l\u00ednea. Todas las herramientas de comercio electr\u00f3nico que necesitas para hacer crecer tu negocio en Internet.","robots":{"index":"noindex","follow":"nofollow"},"og_locale":"en_US","og_type":"article","og_title":"T\u00e9rminos &amp; Condiciones - Pay2Shopp","og_description":"Acepta pagos con tarjeta en l\u00ednea. Todas las herramientas de comercio electr\u00f3nico que necesitas para hacer crecer tu negocio en Internet.","og_url":"https:\/\/pay2shopp.com\/en\/terminos-condiciones\/","og_site_name":"Pay2Shopp","article_modified_time":"2023-07-29T19:43:16+00:00","og_image":[{"width":2000,"height":1160,"url":"https:\/\/pay2shopp.com\/wp-content\/uploads\/2022\/10\/credit-card.jpg","type":"image\/jpeg"}],"twitter_card":"summary_large_image","twitter_misc":{"Est. reading time":"6 minutes"},"schema":{"@context":"https:\/\/schema.org","@graph":[{"@type":"WebPage","@id":"https:\/\/pay2shopp.com\/terminos-condiciones\/","url":"https:\/\/pay2shopp.com\/terminos-condiciones\/","name":"T\u00e9rminos &amp; Condiciones - Pay2Shopp","isPartOf":{"@id":"https:\/\/pay2shopp.com\/#website"},"datePublished":"2022-10-30T19:16:40+00:00","dateModified":"2023-07-29T19:43:16+00:00","description":"Acepta pagos con tarjeta en l\u00ednea. Todas las herramientas de comercio electr\u00f3nico que necesitas para hacer crecer tu negocio en Internet.","breadcrumb":{"@id":"https:\/\/pay2shopp.com\/terminos-condiciones\/#breadcrumb"},"inLanguage":"en-US","potentialAction":[{"@type":"ReadAction","target":["https:\/\/pay2shopp.com\/terminos-condiciones\/"]}]},{"@type":"BreadcrumbList","@id":"https:\/\/pay2shopp.com\/terminos-condiciones\/#breadcrumb","itemListElement":[{"@type":"ListItem","position":1,"name":"Home","item":"https:\/\/pay2shopp.com\/"},{"@type":"ListItem","position":2,"name":"T\u00e9rminos &amp; Condiciones"}]},{"@type":"WebSite","@id":"https:\/\/pay2shopp.com\/#website","url":"https:\/\/pay2shopp.com\/","name":"Pay2Shop","description":"Create your online store in minutes. All the e-commerce tools you need to grow your business online.","publisher":{"@id":"https:\/\/pay2shopp.com\/#organization"},"potentialAction":[{"@type":"SearchAction","target":{"@type":"EntryPoint","urlTemplate":"https:\/\/pay2shopp.com\/?s={search_term_string}"},"query-input":{"@type":"PropertyValueSpecification","valueRequired":true,"valueName":"search_term_string"}}],"inLanguage":"en-US"},{"@type":"Organization","@id":"https:\/\/pay2shopp.com\/#organization","name":"Pay2Shop","url":"https:\/\/pay2shopp.com\/","logo":{"@type":"ImageObject","inLanguage":"en-US","@id":"https:\/\/pay2shopp.com\/#\/schema\/logo\/image\/","url":"https:\/\/pay2shopp.com\/wp-content\/uploads\/2023\/07\/Pay2shopp.png","contentUrl":"https:\/\/pay2shopp.com\/wp-content\/uploads\/2023\/07\/Pay2shopp.png","width":360,"height":102,"caption":"Pay2Shop"},"image":{"@id":"https:\/\/pay2shopp.com\/#\/schema\/logo\/image\/"}}]}},"_links":{"self":[{"href":"https:\/\/pay2shopp.com\/en\/wp-json\/wp\/v2\/pages\/8869","targetHints":{"allow":["GET"]}}],"collection":[{"href":"https:\/\/pay2shopp.com\/en\/wp-json\/wp\/v2\/pages"}],"about":[{"href":"https:\/\/pay2shopp.com\/en\/wp-json\/wp\/v2\/types\/page"}],"author":[{"embeddable":true,"href":"https:\/\/pay2shopp.com\/en\/wp-json\/wp\/v2\/users\/1"}],"replies":[{"embeddable":true,"href":"https:\/\/pay2shopp.com\/en\/wp-json\/wp\/v2\/comments?post=8869"}],"version-history":[{"count":8,"href":"https:\/\/pay2shopp.com\/en\/wp-json\/wp\/v2\/pages\/8869\/revisions"}],"predecessor-version":[{"id":12868,"href":"https:\/\/pay2shopp.com\/en\/wp-json\/wp\/v2\/pages\/8869\/revisions\/12868"}],"wp:attachment":[{"href":"https:\/\/pay2shopp.com\/en\/wp-json\/wp\/v2\/media?parent=8869"}],"curies":[{"name":"wp","href":"https:\/\/api.w.org\/{rel}","templated":true}]}}