{"id":14202,"date":"2025-03-08T12:48:17","date_gmt":"2025-03-08T16:48:17","guid":{"rendered":"https:\/\/pay2shopp.com\/?page_id=14202"},"modified":"2025-03-08T12:50:07","modified_gmt":"2025-03-08T16:50:07","slug":"registrate-como-vendedor","status":"publish","type":"page","link":"https:\/\/pay2shopp.com\/en\/registrate-como-vendedor\/","title":{"rendered":"Register as a Seller"},"content":{"rendered":"<form id=\"dokan-vendor-register\" method=\"post\" class=\"register dokan-vendor-register\" action=\"\">\n\n    \n    <div class=\"split-row name-field form-row-wide\">\n        <p class=\"form-row form-group\">\n            <label for=\"first-name\">First Name <span class=\"required\">*<\/span><\/label>\n            <input type=\"text\" class=\"input-text form-control\" name=\"fname\" id=\"first-name\" value=\"\" required=\"required\" \/>\n        <\/p>\n\n        <p class=\"form-row form-group\">\n            <label for=\"last-name\">Last Name <span class=\"required\">*<\/span><\/label>\n            <input type=\"text\" class=\"input-text form-control\" name=\"lname\" id=\"last-name\" value=\"\" required=\"required\" \/>\n        <\/p>\n    <\/div>\n\n    \n    <p class=\"form-row form-group form-row-wide\">\n        <label for=\"reg_email\">Email address <span class=\"required\">*<\/span><\/label>\n        <input type=\"email\" class=\"input-text form-control\" name=\"email\" id=\"reg_email\" value=\"\" required=\"required\" \/>\n        <label class=\"reg_email_error\"><\/label>\n            <\/p>\n\n    <p class=\"form-row form-group form-row-wide\">\n        <label for=\"shop-phone\">Phone Number<span class=\"required\">*<\/span><\/label>\n        <input type=\"text\" class=\"input-text form-control\" name=\"phone\" id=\"shop-phone\" value=\"\" required=\"required\" \/>\n        <input type=\"hidden\" name=\"role\" value=\"seller\">\n    <\/p>\n\n        <p class=\"form-row form-group form-row-wide\">\n        <label for=\"reg_password\">Password <span class=\"required\">*<\/span><\/label>\n        <input type=\"password\" class=\"input-text form-control\" name=\"password\" id=\"reg_password\" value=\"\" required=\"required\" minlength=\"6\" \/>\n    <\/p>\n    \n    <!-- Spam Trap -->\n    <div style=\"left:-999em; position:absolute;\"><label for=\"trap\">Anti-spam<\/label><input type=\"text\" name=\"email_2\" id=\"trap\" tabindex=\"-1\" \/><\/div>\n\n    <p class=\"form-row form-group form-row-wide\">\n        <label for=\"company-name\">Shop Name <span class=\"required\">*<\/span><\/label>\n        <input type=\"text\" class=\"input-text form-control\" name=\"shopname\" id=\"company-name\" value=\"\" required=\"required\" \/>\n    <\/p>\n\n    <p class=\"form-row form-group form-row-wide\">\n        <label for=\"seller-url\" class=\"pull-left\">Shop URL <span class=\"required\">*<\/span><\/label>\n        <strong id=\"url-alart-mgs\" class=\"pull-right\"><\/strong>\n        <input type=\"text\" class=\"input-text form-control\" name=\"shopurl\" id=\"seller-url\" value=\"\" required=\"required\" \/>\n        <small>https:\/\/pay2shopp.com\/en\/store\/<strong id=\"url-alart\"><\/strong><\/small>\n    <\/p>\n\n    \n    <div class=\"g-recaptcha\" id=\"g-recaptcha-1\" data-sitekey=\"6LenTlUnAAAAAE02XNrjuRep80pDxUkZ4S_0zAUd\" data-theme=\"light\" style=\"margin:10px 0px 10px 0px\"><\/div>\n    \n    \n            <label for=\"dokan-subscription-pack\">Choose Subscription Pack<span class=\"required\"> *<\/span><\/label>\n        <div class=\"form-row form-group form-row-wide dps-pack-wrappper\" style=\"border: 1px solid #D3CED2;\">\n\n            <select required=\"required\" class=\"dokan-form-control\" name=\"dokan-subscription-pack\" id=\"dokan-subscription-pack\">\n                                    <option value=\"14501\">Annual<\/option>\n                                        <option value=\"14493\">Monthly<\/option>\n                                        <option value=\"14499\">Biannual<\/option>\n                                <\/select>\n            \n                <div class=\"dps-pack dps-pack-14501\">\n                    <div class=\"dps-pack-price\">\n\n                        <span class=\"dps-amount\">\n                            <i>\n                                <span class=\"woocommerce-Price-amount amount\"><bdi>149.00<span class=\"woocommerce-Price-currencySymbol\">&#36;<\/span><\/bdi><\/span>                            <\/i>\n                        <\/span>\n\n                                                    <span class=\"dps-rec-period\">\n                                <span class=\"sep\">\/<\/span>year                            <\/span>\n                                            <\/div><!-- .pack_price -->\n\n                    <div class=\"pack_content\">\n                        <b>Annual<\/b>\n\n                        \n                                            <\/div>\n                <\/div>\n                \n                <div class=\"dps-pack dps-pack-14493\">\n                    <div class=\"dps-pack-price\">\n\n                        <span class=\"dps-amount\">\n                            <i>\n                                <span class=\"woocommerce-Price-amount amount\"><bdi>15.00<span class=\"woocommerce-Price-currencySymbol\">&#36;<\/span><\/bdi><\/span>                            <\/i>\n                        <\/span>\n\n                                                    <span class=\"dps-rec-period\">\n                                <span class=\"sep\">\/<\/span>month                            <\/span>\n                                            <\/div><!-- .pack_price -->\n\n                    <div class=\"pack_content\">\n                        <b>Monthly<\/b>\n\n                        \n                                            <\/div>\n                <\/div>\n                \n                <div class=\"dps-pack dps-pack-14499\">\n                    <div class=\"dps-pack-price\">\n\n                        <span class=\"dps-amount\">\n                            <i>\n                                <span class=\"woocommerce-Price-amount amount\"><bdi>79.00<span class=\"woocommerce-Price-currencySymbol\">&#36;<\/span><\/bdi><\/span>                            <\/i>\n                        <\/span>\n\n                                            <\/div><!-- .pack_price -->\n\n                    <div class=\"pack_content\">\n                        <b>Biannual<\/b>\n\n                        \n                                                    <span class=\"dps-rec-period\">\n                                <i>\n                                    In every 6 month(s)                                <\/i>\n                            <\/span>\n                                            <\/div>\n                <\/div>\n                \n        <\/div>\n            \n    <p class=\"form-row\">\n        <input type=\"hidden\" id=\"woocommerce-register-nonce\" name=\"woocommerce-register-nonce\" value=\"f4cc3aa78b\" \/><input type=\"hidden\" name=\"_wp_http_referer\" value=\"\/en\/wp-json\/wp\/v2\/pages\/14202\" \/>\n        <input type=\"submit\" class=\"dokan-btn dokan-btn-theme\" name=\"register\" value=\"Register\" \/>\n    <\/p>\n\n    <input type=\"hidden\" name=\"trp-form-language\" value=\"en\"\/><\/form>","protected":false},"excerpt":{"rendered":"","protected":false},"author":1,"featured_media":0,"parent":0,"menu_order":0,"comment_status":"closed","ping_status":"closed","template":"","meta":{"footnotes":""},"class_list":["post-14202","page","type-page","status-publish","hentry"],"yoast_head":"<!-- This site is optimized with the Yoast SEO plugin v27.4 - https:\/\/yoast.com\/product\/yoast-seo-wordpress\/ -->\n<title>Reg\u00edstrate como Vendedor - Pay2Shopp<\/title>\n<meta name=\"description\" content=\"Acepta pagos con tarjeta en l\u00ednea. Todas las herramientas de comercio electr\u00f3nico que necesitas para hacer crecer tu negocio en Internet.\" \/>\n<meta name=\"robots\" content=\"index, follow, max-snippet:-1, max-image-preview:large, max-video-preview:-1\" \/>\n<link rel=\"canonical\" href=\"https:\/\/pay2shopp.com\/en\/registrate-como-vendedor\/\" \/>\n<meta property=\"og:locale\" content=\"en_US\" \/>\n<meta property=\"og:type\" content=\"article\" \/>\n<meta property=\"og:title\" content=\"Reg\u00edstrate como Vendedor - Pay2Shopp\" \/>\n<meta property=\"og:description\" content=\"Acepta pagos con tarjeta en l\u00ednea. Todas las herramientas de comercio electr\u00f3nico que necesitas para hacer crecer tu negocio en Internet.\" \/>\n<meta property=\"og:url\" content=\"https:\/\/pay2shopp.com\/en\/registrate-como-vendedor\/\" \/>\n<meta property=\"og:site_name\" content=\"Pay2Shopp\" \/>\n<meta property=\"article:modified_time\" content=\"2025-03-08T16:50:07+00:00\" \/>\n<meta property=\"og:image\" content=\"https:\/\/pay2shopp.com\/wp-content\/uploads\/2022\/10\/credit-card.jpg\" \/>\n\t<meta property=\"og:image:width\" content=\"2000\" \/>\n\t<meta property=\"og:image:height\" content=\"1160\" \/>\n\t<meta property=\"og:image:type\" content=\"image\/jpeg\" \/>\n<meta name=\"twitter:card\" content=\"summary_large_image\" \/>\n<meta name=\"twitter:label1\" content=\"Est. reading time\" \/>\n\t<meta name=\"twitter:data1\" content=\"1 minute\" \/>\n<script type=\"application\/ld+json\" class=\"yoast-schema-graph\">{\"@context\":\"https:\\\/\\\/schema.org\",\"@graph\":[{\"@type\":\"WebPage\",\"@id\":\"https:\\\/\\\/pay2shopp.com\\\/registrate-como-vendedor\\\/\",\"url\":\"https:\\\/\\\/pay2shopp.com\\\/registrate-como-vendedor\\\/\",\"name\":\"Reg\u00edstrate como Vendedor - Pay2Shopp\",\"isPartOf\":{\"@id\":\"https:\\\/\\\/pay2shopp.com\\\/#website\"},\"datePublished\":\"2025-03-08T16:48:17+00:00\",\"dateModified\":\"2025-03-08T16:50:07+00:00\",\"description\":\"Acepta pagos con tarjeta en l\u00ednea. Todas las herramientas de comercio electr\u00f3nico que necesitas para hacer crecer tu negocio en Internet.\",\"breadcrumb\":{\"@id\":\"https:\\\/\\\/pay2shopp.com\\\/registrate-como-vendedor\\\/#breadcrumb\"},\"inLanguage\":\"en-US\",\"potentialAction\":[{\"@type\":\"ReadAction\",\"target\":[\"https:\\\/\\\/pay2shopp.com\\\/registrate-como-vendedor\\\/\"]}]},{\"@type\":\"BreadcrumbList\",\"@id\":\"https:\\\/\\\/pay2shopp.com\\\/registrate-como-vendedor\\\/#breadcrumb\",\"itemListElement\":[{\"@type\":\"ListItem\",\"position\":1,\"name\":\"Home\",\"item\":\"https:\\\/\\\/pay2shopp.com\\\/\"},{\"@type\":\"ListItem\",\"position\":2,\"name\":\"Reg\u00edstrate como Vendedor\"}]},{\"@type\":\"WebSite\",\"@id\":\"https:\\\/\\\/pay2shopp.com\\\/#website\",\"url\":\"https:\\\/\\\/pay2shopp.com\\\/\",\"name\":\"Pay2Shopp\",\"description\":\"Crea tu tienda online en minutos. Todas las herramientas de comercio electr\u00f3nico que necesitas para hacer crecer tu negocio en internet.\",\"publisher\":{\"@id\":\"https:\\\/\\\/pay2shopp.com\\\/#organization\"},\"potentialAction\":[{\"@type\":\"SearchAction\",\"target\":{\"@type\":\"EntryPoint\",\"urlTemplate\":\"https:\\\/\\\/pay2shopp.com\\\/?s={search_term_string}\"},\"query-input\":{\"@type\":\"PropertyValueSpecification\",\"valueRequired\":true,\"valueName\":\"search_term_string\"}}],\"inLanguage\":\"en-US\"},{\"@type\":\"Organization\",\"@id\":\"https:\\\/\\\/pay2shopp.com\\\/#organization\",\"name\":\"Pay2Shop\",\"url\":\"https:\\\/\\\/pay2shopp.com\\\/\",\"logo\":{\"@type\":\"ImageObject\",\"inLanguage\":\"en-US\",\"@id\":\"https:\\\/\\\/pay2shopp.com\\\/#\\\/schema\\\/logo\\\/image\\\/\",\"url\":\"https:\\\/\\\/pay2shopp.com\\\/wp-content\\\/uploads\\\/2023\\\/07\\\/Pay2shopp.png\",\"contentUrl\":\"https:\\\/\\\/pay2shopp.com\\\/wp-content\\\/uploads\\\/2023\\\/07\\\/Pay2shopp.png\",\"width\":360,\"height\":102,\"caption\":\"Pay2Shop\"},\"image\":{\"@id\":\"https:\\\/\\\/pay2shopp.com\\\/#\\\/schema\\\/logo\\\/image\\\/\"}}]}<\/script>\n<!-- \/ Yoast SEO plugin. -->","yoast_head_json":{"title":"Reg\u00edstrate como Vendedor - Pay2Shopp","description":"Acepta pagos con tarjeta en l\u00ednea. Todas las herramientas de comercio electr\u00f3nico que necesitas para hacer crecer tu negocio en Internet.","robots":{"index":"index","follow":"follow","max-snippet":"max-snippet:-1","max-image-preview":"max-image-preview:large","max-video-preview":"max-video-preview:-1"},"canonical":"https:\/\/pay2shopp.com\/en\/registrate-como-vendedor\/","og_locale":"en_US","og_type":"article","og_title":"Reg\u00edstrate como Vendedor - Pay2Shopp","og_description":"Acepta pagos con tarjeta en l\u00ednea. Todas las herramientas de comercio electr\u00f3nico que necesitas para hacer crecer tu negocio en Internet.","og_url":"https:\/\/pay2shopp.com\/en\/registrate-como-vendedor\/","og_site_name":"Pay2Shopp","article_modified_time":"2025-03-08T16:50:07+00:00","og_image":[{"width":2000,"height":1160,"url":"https:\/\/pay2shopp.com\/wp-content\/uploads\/2022\/10\/credit-card.jpg","type":"image\/jpeg"}],"twitter_card":"summary_large_image","twitter_misc":{"Est. reading time":"1 minute"},"schema":{"@context":"https:\/\/schema.org","@graph":[{"@type":"WebPage","@id":"https:\/\/pay2shopp.com\/registrate-como-vendedor\/","url":"https:\/\/pay2shopp.com\/registrate-como-vendedor\/","name":"Reg\u00edstrate como Vendedor - Pay2Shopp","isPartOf":{"@id":"https:\/\/pay2shopp.com\/#website"},"datePublished":"2025-03-08T16:48:17+00:00","dateModified":"2025-03-08T16:50:07+00:00","description":"Acepta pagos con tarjeta en l\u00ednea. Todas las herramientas de comercio electr\u00f3nico que necesitas para hacer crecer tu negocio en Internet.","breadcrumb":{"@id":"https:\/\/pay2shopp.com\/registrate-como-vendedor\/#breadcrumb"},"inLanguage":"en-US","potentialAction":[{"@type":"ReadAction","target":["https:\/\/pay2shopp.com\/registrate-como-vendedor\/"]}]},{"@type":"BreadcrumbList","@id":"https:\/\/pay2shopp.com\/registrate-como-vendedor\/#breadcrumb","itemListElement":[{"@type":"ListItem","position":1,"name":"Home","item":"https:\/\/pay2shopp.com\/"},{"@type":"ListItem","position":2,"name":"Reg\u00edstrate como Vendedor"}]},{"@type":"WebSite","@id":"https:\/\/pay2shopp.com\/#website","url":"https:\/\/pay2shopp.com\/","name":"Pay2Shop","description":"Create your online store in minutes. All the e-commerce tools you need to grow your business online.","publisher":{"@id":"https:\/\/pay2shopp.com\/#organization"},"potentialAction":[{"@type":"SearchAction","target":{"@type":"EntryPoint","urlTemplate":"https:\/\/pay2shopp.com\/?s={search_term_string}"},"query-input":{"@type":"PropertyValueSpecification","valueRequired":true,"valueName":"search_term_string"}}],"inLanguage":"en-US"},{"@type":"Organization","@id":"https:\/\/pay2shopp.com\/#organization","name":"Pay2Shop","url":"https:\/\/pay2shopp.com\/","logo":{"@type":"ImageObject","inLanguage":"en-US","@id":"https:\/\/pay2shopp.com\/#\/schema\/logo\/image\/","url":"https:\/\/pay2shopp.com\/wp-content\/uploads\/2023\/07\/Pay2shopp.png","contentUrl":"https:\/\/pay2shopp.com\/wp-content\/uploads\/2023\/07\/Pay2shopp.png","width":360,"height":102,"caption":"Pay2Shop"},"image":{"@id":"https:\/\/pay2shopp.com\/#\/schema\/logo\/image\/"}}]}},"_links":{"self":[{"href":"https:\/\/pay2shopp.com\/en\/wp-json\/wp\/v2\/pages\/14202","targetHints":{"allow":["GET"]}}],"collection":[{"href":"https:\/\/pay2shopp.com\/en\/wp-json\/wp\/v2\/pages"}],"about":[{"href":"https:\/\/pay2shopp.com\/en\/wp-json\/wp\/v2\/types\/page"}],"author":[{"embeddable":true,"href":"https:\/\/pay2shopp.com\/en\/wp-json\/wp\/v2\/users\/1"}],"replies":[{"embeddable":true,"href":"https:\/\/pay2shopp.com\/en\/wp-json\/wp\/v2\/comments?post=14202"}],"version-history":[{"count":1,"href":"https:\/\/pay2shopp.com\/en\/wp-json\/wp\/v2\/pages\/14202\/revisions"}],"predecessor-version":[{"id":14204,"href":"https:\/\/pay2shopp.com\/en\/wp-json\/wp\/v2\/pages\/14202\/revisions\/14204"}],"wp:attachment":[{"href":"https:\/\/pay2shopp.com\/en\/wp-json\/wp\/v2\/media?parent=14202"}],"curies":[{"name":"wp","href":"https:\/\/api.w.org\/{rel}","templated":true}]}}